{"id":11431,"date":"2023-08-04T12:21:47","date_gmt":"2023-08-04T10:21:47","guid":{"rendered":"https:\/\/4bs.com\/4-business-software-est-un-prestataire-de-services-agree-pour-le-portefeuille-pme\/"},"modified":"2026-02-09T20:50:29","modified_gmt":"2026-02-09T18:50:29","slug":"4-business-software-est-un-prestataire-de-services-agree-pour-le-portefeuille-pme","status":"publish","type":"page","link":"https:\/\/4bs.com\/fr\/4-business-software-est-un-prestataire-de-services-agree-pour-le-portefeuille-pme\/","title":{"rendered":"4 Business Software est un prestataire de services agr\u00e9\u00e9 pour le portefeuille PME"},"content":{"rendered":"<h1><img loading=\"lazy\" decoding=\"async\" class=\"alignnone wp-image-8988 size-large\" src=\"https:\/\/4bs.com\/wp-content\/uploads\/2024\/11\/4bs-dienstverlener-kmo-portefeuille-certificaat-mockup_5283c3ac17a9fc8cbca65466c23aff3a_2000-1024x682.jpg\" alt=\"4 Business Software opnieuw herkend als dienstverlener &quot;Opleidingen&quot; bij de kmo-portefeuille cover\" width=\"1024\" height=\"682\" srcset=\"https:\/\/4bs.com\/wp-content\/uploads\/2024\/11\/4bs-dienstverlener-kmo-portefeuille-certificaat-mockup_5283c3ac17a9fc8cbca65466c23aff3a_2000-1024x682.jpg 1024w, https:\/\/4bs.com\/wp-content\/uploads\/2024\/11\/4bs-dienstverlener-kmo-portefeuille-certificaat-mockup_5283c3ac17a9fc8cbca65466c23aff3a_2000-300x200.jpg 300w, https:\/\/4bs.com\/wp-content\/uploads\/2024\/11\/4bs-dienstverlener-kmo-portefeuille-certificaat-mockup_5283c3ac17a9fc8cbca65466c23aff3a_2000-768x512.jpg 768w, https:\/\/4bs.com\/wp-content\/uploads\/2024\/11\/4bs-dienstverlener-kmo-portefeuille-certificaat-mockup_5283c3ac17a9fc8cbca65466c23aff3a_2000-1536x1024.jpg 1536w, https:\/\/4bs.com\/wp-content\/uploads\/2024\/11\/4bs-dienstverlener-kmo-portefeuille-certificaat-mockup_5283c3ac17a9fc8cbca65466c23aff3a_2000.jpg 2000w\" sizes=\"auto, (max-width: 1024px) 100vw, 1024px\" \/><\/h1>\n<h1>Qu\u2019est-ce que le portefeuille PME\u00a0?<\/h1>\n<div class=\"field--field-body-structured\">\n<div>\n<div id=\"Formation\" class=\"paragraph paragraph--type--doorlopende-tekst paragraph--view-mode--default\">\n<div class=\"field--field-tekst\">\n<p>Le portefeuille PME est une mesure de subvention qui permet aux entrepreneurs de recevoir un soutien financier pour l\u2019achat de services visant \u00e0 am\u00e9liorer la qualit\u00e9 de leur entreprise. Concr\u00e8tement, cela concerne des formations et des conseils, comme par exemple l\u2019\u00e9laboration d\u2019un plan de communication pour votre soci\u00e9t\u00e9. Le portefeuille PME vise \u00e0 \u00eatre accessible \u00e0 un maximum d\u2019entreprises.<\/p>\n<p>Chaque PME peut recevoir des subsides pour suivre des formations ou obtenir des conseils aupr\u00e8s de prestataires agr\u00e9\u00e9s. Vous souhaitez savoir exactement ce qui est compris sous les notions de formation ou de conseil ? Les explications ci-dessous vous \u00e9clairent :<\/p>\n<h2>Formations chez 4 Business Software<\/h2>\n<ul>\n<li><strong>Quoi :<\/strong> formations visant \u00e0 am\u00e9liorer le fonctionnement de votre entreprise<\/li>\n<li><strong>Pour qui :<\/strong> les collaborateurs de votre entreprise<\/li>\n<li><strong>O\u00f9 :<\/strong> aupr\u00e8s d\u2019un prestataire de services agr\u00e9\u00e9<\/li>\n<li><strong>Contenu :<\/strong> ax\u00e9 sur les processus cl\u00e9s de votre entreprise<\/li>\n<li><strong>Objectif :<\/strong> professionnaliser votre entreprise flamande<\/li>\n<\/ul>\n<p>Vous suivez une formation chez 4 Business Software, comme l\u2019une de <a href=\"https:\/\/4bs.com\/fr\/opleiding\/\">nos formations en pr\u00e9sentiel sur WinBooks<\/a>, ou une formation sur mesure\u00a0? Alors vous pouvez, en tant que petite entreprise, b\u00e9n\u00e9ficier d\u2019un soutien de 30\u00a0%, ou de 20\u00a0% en tant qu\u2019entreprise moyenne. Et ce, jusqu\u2019\u00e0 un plafond annuel de 7.500\u00a0\u20ac.<\/p>\n<p>4 Business Software est en effet un prestataire agr\u00e9\u00e9 pour les formations via le portefeuille PME.<\/p>\n<p>Notre num\u00e9ro d\u2019enregistrement : DV.O208344<\/p>\n<\/div>\n<\/div>\n<\/div>\n<\/div>\n","protected":false},"excerpt":{"rendered":"<p>Qu\u2019est-ce que le portefeuille PME\u00a0? Le portefeuille PME est une mesure de subvention qui permet aux entrepreneurs de recevoir un soutien financier pour l\u2019achat de services visant \u00e0 am\u00e9liorer la qualit\u00e9 de leur entreprise. Concr\u00e8tement, cela concerne des formations et des conseils, comme par exemple l\u2019\u00e9laboration d\u2019un plan de communication pour votre soci\u00e9t\u00e9. Le portefeuille [&hellip;]<\/p>\n","protected":false},"author":1,"featured_media":7874,"parent":0,"menu_order":0,"comment_status":"closed","ping_status":"closed","template":"","meta":{"_acf_changed":false,"inline_featured_image":false,"iawp_total_views":10,"footnotes":""},"class_list":["post-11431","page","type-page","status-publish","has-post-thumbnail","hentry"],"acf":[],"yoast_head":"<!-- This site is optimized with the Yoast SEO Premium plugin v21.0 (Yoast SEO v27.3) - https:\/\/yoast.com\/product\/yoast-seo-premium-wordpress\/ -->\n<title>4 Business Software est un prestataire de services agr\u00e9\u00e9 pour le portefeuille PME - 4 Business Software<\/title>\n<meta name=\"robots\" content=\"index, follow, max-snippet:-1, max-image-preview:large, max-video-preview:-1\" \/>\n<link rel=\"canonical\" href=\"https:\/\/4bs.com\/fr\/4-business-software-est-un-prestataire-de-services-agree-pour-le-portefeuille-pme\/\" \/>\n<meta property=\"og:locale\" content=\"fr_FR\" \/>\n<meta property=\"og:type\" content=\"article\" \/>\n<meta property=\"og:title\" content=\"4 Business Software est un prestataire de services agr\u00e9\u00e9 pour le portefeuille PME\" \/>\n<meta property=\"og:description\" content=\"Qu\u2019est-ce que le portefeuille PME\u00a0? Le portefeuille PME est une mesure de subvention qui permet aux entrepreneurs de recevoir un soutien financier pour l\u2019achat de services visant \u00e0 am\u00e9liorer la qualit\u00e9 de leur entreprise. Concr\u00e8tement, cela concerne des formations et des conseils, comme par exemple l\u2019\u00e9laboration d\u2019un plan de communication pour votre soci\u00e9t\u00e9. Le portefeuille [&hellip;]\" \/>\n<meta property=\"og:url\" content=\"https:\/\/4bs.com\/fr\/4-business-software-est-un-prestataire-de-services-agree-pour-le-portefeuille-pme\/\" \/>\n<meta property=\"og:site_name\" content=\"4 Business Software\" \/>\n<meta property=\"article:publisher\" content=\"https:\/\/www.facebook.com\/4businesssoftware\/\" \/>\n<meta property=\"article:modified_time\" content=\"2026-02-09T18:50:29+00:00\" \/>\n<meta property=\"og:image\" content=\"https:\/\/4bs.com\/wp-content\/uploads\/2023\/08\/KMO-Portefeuille.jpg\" \/>\n\t<meta property=\"og:image:width\" content=\"1600\" \/>\n\t<meta property=\"og:image:height\" content=\"464\" \/>\n\t<meta property=\"og:image:type\" content=\"image\/jpeg\" \/>\n<meta name=\"twitter:card\" content=\"summary_large_image\" \/>\n<meta name=\"twitter:label1\" content=\"Dur\u00e9e de lecture estim\u00e9e\" \/>\n\t<meta name=\"twitter:data1\" content=\"1 minute\" \/>\n<script type=\"application\/ld+json\" class=\"yoast-schema-graph\">{\"@context\":\"https:\\\/\\\/schema.org\",\"@graph\":[{\"@type\":\"WebPage\",\"@id\":\"https:\\\/\\\/4bs.com\\\/fr\\\/4-business-software-est-un-prestataire-de-services-agree-pour-le-portefeuille-pme\\\/\",\"url\":\"https:\\\/\\\/4bs.com\\\/fr\\\/4-business-software-est-un-prestataire-de-services-agree-pour-le-portefeuille-pme\\\/\",\"name\":\"4 Business Software est un prestataire de services agr\u00e9\u00e9 pour le portefeuille PME - 4 Business Software\",\"isPartOf\":{\"@id\":\"https:\\\/\\\/4bs.com\\\/fr\\\/#website\"},\"primaryImageOfPage\":{\"@id\":\"https:\\\/\\\/4bs.com\\\/fr\\\/4-business-software-est-un-prestataire-de-services-agree-pour-le-portefeuille-pme\\\/#primaryimage\"},\"image\":{\"@id\":\"https:\\\/\\\/4bs.com\\\/fr\\\/4-business-software-est-un-prestataire-de-services-agree-pour-le-portefeuille-pme\\\/#primaryimage\"},\"thumbnailUrl\":\"https:\\\/\\\/4bs.com\\\/wp-content\\\/uploads\\\/2023\\\/08\\\/KMO-Portefeuille.jpg\",\"datePublished\":\"2023-08-04T10:21:47+00:00\",\"dateModified\":\"2026-02-09T18:50:29+00:00\",\"breadcrumb\":{\"@id\":\"https:\\\/\\\/4bs.com\\\/fr\\\/4-business-software-est-un-prestataire-de-services-agree-pour-le-portefeuille-pme\\\/#breadcrumb\"},\"inLanguage\":\"fr-FR\",\"potentialAction\":[{\"@type\":\"ReadAction\",\"target\":[\"https:\\\/\\\/4bs.com\\\/fr\\\/4-business-software-est-un-prestataire-de-services-agree-pour-le-portefeuille-pme\\\/\"]}]},{\"@type\":\"ImageObject\",\"inLanguage\":\"fr-FR\",\"@id\":\"https:\\\/\\\/4bs.com\\\/fr\\\/4-business-software-est-un-prestataire-de-services-agree-pour-le-portefeuille-pme\\\/#primaryimage\",\"url\":\"https:\\\/\\\/4bs.com\\\/wp-content\\\/uploads\\\/2023\\\/08\\\/KMO-Portefeuille.jpg\",\"contentUrl\":\"https:\\\/\\\/4bs.com\\\/wp-content\\\/uploads\\\/2023\\\/08\\\/KMO-Portefeuille.jpg\",\"width\":1600,\"height\":464},{\"@type\":\"BreadcrumbList\",\"@id\":\"https:\\\/\\\/4bs.com\\\/fr\\\/4-business-software-est-un-prestataire-de-services-agree-pour-le-portefeuille-pme\\\/#breadcrumb\",\"itemListElement\":[{\"@type\":\"ListItem\",\"position\":1,\"name\":\"Home\",\"item\":\"https:\\\/\\\/4bs.com\\\/fr\\\/\"},{\"@type\":\"ListItem\",\"position\":2,\"name\":\"4 Business Software est un prestataire de services agr\u00e9\u00e9 pour le portefeuille PME\"}]},{\"@type\":\"WebSite\",\"@id\":\"https:\\\/\\\/4bs.com\\\/fr\\\/#website\",\"url\":\"https:\\\/\\\/4bs.com\\\/fr\\\/\",\"name\":\"4 Business Software\",\"description\":\"De IT-partner voor kmo&#039;s\",\"publisher\":{\"@id\":\"https:\\\/\\\/4bs.com\\\/fr\\\/#organization\"},\"potentialAction\":[{\"@type\":\"SearchAction\",\"target\":{\"@type\":\"EntryPoint\",\"urlTemplate\":\"https:\\\/\\\/4bs.com\\\/fr\\\/?s={search_term_string}\"},\"query-input\":{\"@type\":\"PropertyValueSpecification\",\"valueRequired\":true,\"valueName\":\"search_term_string\"}}],\"inLanguage\":\"fr-FR\"},{\"@type\":\"Organization\",\"@id\":\"https:\\\/\\\/4bs.com\\\/fr\\\/#organization\",\"name\":\"4 Business Software\",\"alternateName\":\"4BS\",\"url\":\"https:\\\/\\\/4bs.com\\\/fr\\\/\",\"logo\":{\"@type\":\"ImageObject\",\"inLanguage\":\"fr-FR\",\"@id\":\"https:\\\/\\\/4bs.com\\\/fr\\\/#\\\/schema\\\/logo\\\/image\\\/\",\"url\":\"https:\\\/\\\/i0.wp.com\\\/4bs.com\\\/wp-content\\\/uploads\\\/2023\\\/03\\\/4BS-Favicon.jpg?fit=1699%2C1699&ssl=1\",\"contentUrl\":\"https:\\\/\\\/i0.wp.com\\\/4bs.com\\\/wp-content\\\/uploads\\\/2023\\\/03\\\/4BS-Favicon.jpg?fit=1699%2C1699&ssl=1\",\"width\":1699,\"height\":1699,\"caption\":\"4 Business Software\"},\"image\":{\"@id\":\"https:\\\/\\\/4bs.com\\\/fr\\\/#\\\/schema\\\/logo\\\/image\\\/\"},\"sameAs\":[\"https:\\\/\\\/www.facebook.com\\\/4businesssoftware\\\/\"]}]}<\/script>\n<!-- \/ Yoast SEO Premium plugin. -->","yoast_head_json":{"title":"4 Business Software est un prestataire de services agr\u00e9\u00e9 pour le portefeuille PME - 4 Business Software","robots":{"index":"index","follow":"follow","max-snippet":"max-snippet:-1","max-image-preview":"max-image-preview:large","max-video-preview":"max-video-preview:-1"},"canonical":"https:\/\/4bs.com\/fr\/4-business-software-est-un-prestataire-de-services-agree-pour-le-portefeuille-pme\/","og_locale":"fr_FR","og_type":"article","og_title":"4 Business Software est un prestataire de services agr\u00e9\u00e9 pour le portefeuille PME","og_description":"Qu\u2019est-ce que le portefeuille PME\u00a0? Le portefeuille PME est une mesure de subvention qui permet aux entrepreneurs de recevoir un soutien financier pour l\u2019achat de services visant \u00e0 am\u00e9liorer la qualit\u00e9 de leur entreprise. Concr\u00e8tement, cela concerne des formations et des conseils, comme par exemple l\u2019\u00e9laboration d\u2019un plan de communication pour votre soci\u00e9t\u00e9. Le portefeuille [&hellip;]","og_url":"https:\/\/4bs.com\/fr\/4-business-software-est-un-prestataire-de-services-agree-pour-le-portefeuille-pme\/","og_site_name":"4 Business Software","article_publisher":"https:\/\/www.facebook.com\/4businesssoftware\/","article_modified_time":"2026-02-09T18:50:29+00:00","og_image":[{"width":1600,"height":464,"url":"https:\/\/4bs.com\/wp-content\/uploads\/2023\/08\/KMO-Portefeuille.jpg","type":"image\/jpeg"}],"twitter_card":"summary_large_image","twitter_misc":{"Dur\u00e9e de lecture estim\u00e9e":"1 minute"},"schema":{"@context":"https:\/\/schema.org","@graph":[{"@type":"WebPage","@id":"https:\/\/4bs.com\/fr\/4-business-software-est-un-prestataire-de-services-agree-pour-le-portefeuille-pme\/","url":"https:\/\/4bs.com\/fr\/4-business-software-est-un-prestataire-de-services-agree-pour-le-portefeuille-pme\/","name":"4 Business Software est un prestataire de services agr\u00e9\u00e9 pour le portefeuille PME - 4 Business Software","isPartOf":{"@id":"https:\/\/4bs.com\/fr\/#website"},"primaryImageOfPage":{"@id":"https:\/\/4bs.com\/fr\/4-business-software-est-un-prestataire-de-services-agree-pour-le-portefeuille-pme\/#primaryimage"},"image":{"@id":"https:\/\/4bs.com\/fr\/4-business-software-est-un-prestataire-de-services-agree-pour-le-portefeuille-pme\/#primaryimage"},"thumbnailUrl":"https:\/\/4bs.com\/wp-content\/uploads\/2023\/08\/KMO-Portefeuille.jpg","datePublished":"2023-08-04T10:21:47+00:00","dateModified":"2026-02-09T18:50:29+00:00","breadcrumb":{"@id":"https:\/\/4bs.com\/fr\/4-business-software-est-un-prestataire-de-services-agree-pour-le-portefeuille-pme\/#breadcrumb"},"inLanguage":"fr-FR","potentialAction":[{"@type":"ReadAction","target":["https:\/\/4bs.com\/fr\/4-business-software-est-un-prestataire-de-services-agree-pour-le-portefeuille-pme\/"]}]},{"@type":"ImageObject","inLanguage":"fr-FR","@id":"https:\/\/4bs.com\/fr\/4-business-software-est-un-prestataire-de-services-agree-pour-le-portefeuille-pme\/#primaryimage","url":"https:\/\/4bs.com\/wp-content\/uploads\/2023\/08\/KMO-Portefeuille.jpg","contentUrl":"https:\/\/4bs.com\/wp-content\/uploads\/2023\/08\/KMO-Portefeuille.jpg","width":1600,"height":464},{"@type":"BreadcrumbList","@id":"https:\/\/4bs.com\/fr\/4-business-software-est-un-prestataire-de-services-agree-pour-le-portefeuille-pme\/#breadcrumb","itemListElement":[{"@type":"ListItem","position":1,"name":"Home","item":"https:\/\/4bs.com\/fr\/"},{"@type":"ListItem","position":2,"name":"4 Business Software est un prestataire de services agr\u00e9\u00e9 pour le portefeuille PME"}]},{"@type":"WebSite","@id":"https:\/\/4bs.com\/fr\/#website","url":"https:\/\/4bs.com\/fr\/","name":"4 Business Software","description":"De IT-partner voor kmo&#039;s","publisher":{"@id":"https:\/\/4bs.com\/fr\/#organization"},"potentialAction":[{"@type":"SearchAction","target":{"@type":"EntryPoint","urlTemplate":"https:\/\/4bs.com\/fr\/?s={search_term_string}"},"query-input":{"@type":"PropertyValueSpecification","valueRequired":true,"valueName":"search_term_string"}}],"inLanguage":"fr-FR"},{"@type":"Organization","@id":"https:\/\/4bs.com\/fr\/#organization","name":"4 Business Software","alternateName":"4BS","url":"https:\/\/4bs.com\/fr\/","logo":{"@type":"ImageObject","inLanguage":"fr-FR","@id":"https:\/\/4bs.com\/fr\/#\/schema\/logo\/image\/","url":"https:\/\/i0.wp.com\/4bs.com\/wp-content\/uploads\/2023\/03\/4BS-Favicon.jpg?fit=1699%2C1699&ssl=1","contentUrl":"https:\/\/i0.wp.com\/4bs.com\/wp-content\/uploads\/2023\/03\/4BS-Favicon.jpg?fit=1699%2C1699&ssl=1","width":1699,"height":1699,"caption":"4 Business Software"},"image":{"@id":"https:\/\/4bs.com\/fr\/#\/schema\/logo\/image\/"},"sameAs":["https:\/\/www.facebook.com\/4businesssoftware\/"]}]}},"_links":{"self":[{"href":"https:\/\/4bs.com\/fr\/wp-json\/wp\/v2\/pages\/11431","targetHints":{"allow":["GET"]}}],"collection":[{"href":"https:\/\/4bs.com\/fr\/wp-json\/wp\/v2\/pages"}],"about":[{"href":"https:\/\/4bs.com\/fr\/wp-json\/wp\/v2\/types\/page"}],"author":[{"embeddable":true,"href":"https:\/\/4bs.com\/fr\/wp-json\/wp\/v2\/users\/1"}],"replies":[{"embeddable":true,"href":"https:\/\/4bs.com\/fr\/wp-json\/wp\/v2\/comments?post=11431"}],"version-history":[{"count":1,"href":"https:\/\/4bs.com\/fr\/wp-json\/wp\/v2\/pages\/11431\/revisions"}],"predecessor-version":[{"id":14001,"href":"https:\/\/4bs.com\/fr\/wp-json\/wp\/v2\/pages\/11431\/revisions\/14001"}],"wp:featuredmedia":[{"embeddable":true,"href":"https:\/\/4bs.com\/fr\/wp-json\/wp\/v2\/media\/7874"}],"wp:attachment":[{"href":"https:\/\/4bs.com\/fr\/wp-json\/wp\/v2\/media?parent=11431"}],"curies":[{"name":"wp","href":"https:\/\/api.w.org\/{rel}","templated":true}]}}